{"id":559,"date":"2021-01-27T09:27:36","date_gmt":"2021-01-27T09:27:36","guid":{"rendered":"http:\/\/www.thisisyours.es\/?page_id=559"},"modified":"2024-07-07T08:43:09","modified_gmt":"2024-07-07T08:43:09","slug":"terms-of-use","status":"publish","type":"page","link":"https:\/\/www.thisisyours.es\/es\/terms-of-use\/","title":{"rendered":"Terms of use"},"content":{"rendered":"\n<p><strong>Reserva y dep\u00f3sitos<\/strong><\/p>\n\n\n\n<p>Al realizar una reserva con nosotros (el propietario de la propiedad \/ su representante), usted (el hu\u00e9sped principal) y su grupo de reserva (invitados) aceptan los siguientes t\u00e9rminos y condiciones tal como se establecen. Durante su estancia se compromete a respetar las siguientes condiciones establecidas. Si tiene alguna pregunta sobre la reserva con nosotros, p\u00f3ngase en contacto con nosotros antes de realizar una reserva.<\/p>\n\n\n\n<p>Para realizar una reserva con nosotros, el hu\u00e9sped principal debe tener al menos 18 a\u00f1os de edad. El n\u00famero m\u00e1ximo de hu\u00e9spedes alojados por habitaci\u00f3n se ilustra en los detalles de ocupaci\u00f3n de la habitaci\u00f3n en el sitio web. Cuando la persona que realiza la reserva es diferente al hu\u00e9sped principal que asume la ocupaci\u00f3n, la persona que realiza la reserva puede ser considerada responsable de la cancelaci\u00f3n, la no llegada y los da\u00f1os, seg\u00fan lo establecido en el mismo. Solo el hu\u00e9sped principal y el grupo de reserva designado pueden usar la propiedad y sus instalaciones, cualquier visitante de terceros solo puede acceder con nuestro permiso expreso.<\/p>\n\n\n\n<p>Los pagos de dep\u00f3sito deben ser \u00abfondos compensados\u00bb antes de que se pueda confirmar una reserva. Los dep\u00f3sitos solo son reembolsables en las condiciones establecidas aqu\u00ed.<\/p>\n\n\n\n<p>Los pagos se pueden realizar en l\u00ednea con tarjeta de d\u00e9bito \/ cr\u00e9dito.<\/p>\n\n\n\n<p>Aceptamos reservas para el mismo d\u00eda hasta las 19:00.<\/p>\n\n\n\n<p>Nuestras horas de silencio son de 23:00 a 08:00. Todos los hu\u00e9spedes se comprometen a respetar la privacidad y la paz de todos los dem\u00e1s hu\u00e9spedes, vecinos y propietarios en todo momento. Nos reservamos el derecho de cancelar una reserva con efecto inmediato si los hu\u00e9spedes no cumplen con este acuerdo o si causan molestias a otros hu\u00e9spedes, vecinos o propietarios.<\/p>\n\n\n\n<p>Invitados m\u00e1ximos permitidos e invitados no registrados.<\/p>\n\n\n\n<p>Las habitaciones dobles son solo para dos personas, no se pueden agregar camas adicionales. En uno de los apartamentos es posible a\u00f1adir un adulto o un ni\u00f1o extra, tenemos un sof\u00e1 cama disponible. Consultar disponibilidad antes de reservar. Hay una tarifa adicional de 25 euros por noche cuando se utiliza el sof\u00e1 cama. No est\u00e1 permitido traer hu\u00e9spedes no registrados en el alojamiento.<\/p>\n\n\n\n<p>No aceptamos reservas de grupos; puedes reservar hasta 2 habitaciones. No permitimos grupos de m\u00e1s de 4 personas. El hotel boutique YOURS no es adecuado para eventos de grupos como celebraciones, despedidas de soltero, etc. Ofrecemos un ambiente \u00edntimo y acogedor para que los hu\u00e9spedes puedan relajarse despu\u00e9s de un largo d\u00eda explorando la ciudad, por lo que no se permiten fiestas.<\/p>\n\n\n\n<p><strong>Pol\u00edtica de autorizaci\u00f3n previa<\/strong><\/p>\n\n\n\n<p><br>YOURS se reserva el derecho de preautorizar las Tarjetas de Cr\u00e9dito\/D\u00e9bito de los Hu\u00e9spedes en cualquier reserva. Una preautorizaci\u00f3n es una retenci\u00f3n temporal de una cantidad espec\u00edfica del saldo disponible en una tarjeta de cr\u00e9dito o d\u00e9bito que se proporciona al realizar la reserva. La preautorizaci\u00f3n no es un cargo y no se han debitado fondos de su cuenta. El importe que preautoricemos depender\u00e1 de la cantidad de noches que te alojes. Todas las tarjetas de cr\u00e9dito o d\u00e9bito proporcionadas al realizar la reserva pueden ser preautorizadas de acuerdo con nuestra pol\u00edtica de cancelaci\u00f3n o al momento del check-in.<br>El hotel NO cargar\u00e1 su tarjeta de cr\u00e9dito. Una preautorizaci\u00f3n es una garant\u00eda de seguridad \u00fanicamente para el pago. El fondo de preautorizaci\u00f3n no est\u00e1 en manos del hotel, de la empresa que proporciona el sistema de tarjeta de cr\u00e9dito ni del banco autorizador. El fondo de preautorizaci\u00f3n lo guarda en su tarjeta su propio banco emisor. Se puede conservar una preautorizaci\u00f3n en tu tarjeta durante un m\u00ednimo de 10 a 15 d\u00edas laborables. La autorizaci\u00f3n previa que se libera dependiendo de su tarjeta de cr\u00e9dito\/d\u00e9bito individual, debe ser liberada autom\u00e1ticamente por su banco emisor; de lo contrario, deber\u00e1 comunicarse con su banco emisor local. El hotel se reserva el derecho de cancelar la reserva cuando falle la preautorizaci\u00f3n de la tarjeta de cr\u00e9dito\/d\u00e9bito.<\/p>\n\n\n\n<p><strong>Pol\u00edtica de ni\u00f1os<\/strong><\/p>\n\n\n\n<p>YOURS es un hotel para adultos solo. No aceptamos reservas con ni\u00f1os con menos de 18 a\u00f1os. <\/p>\n\n\n\n<p><strong>Check-in y check-out<\/strong><\/p>\n\n\n\n<p>Los hu\u00e9spedes deben realizar el registro de entrada y salida en los horarios que se indican a continuaci\u00f3n;<\/p>\n\n\n\n<ul class=\"wp-block-list\"><li>Check-in: de 15:00 a 20:00, auto check-in despu\u00e9s de las 20:00<\/li><li>Check-out: antes de las 11:00 del d\u00eda de salida<\/li><\/ul>\n\n\n\n<p><strong>Pol\u00edtica de reserva<\/strong><\/p>\n\n\n\n<p>TARIFA EST\u00c1NDAR<\/p>\n\n\n\n<p>Condiciones de cancelaci\u00f3n, devoluci\u00f3n de dep\u00f3sito y no en caso de no-show.<\/p>\n\n\n\n<p>Los hu\u00e9spedes que necesiten cancelar una reserva deben comunicarse con nosotros lo antes posible. Ofrecemos cancelaci\u00f3n gratuita hasta 72 horas antes de la llegada.<\/p>\n\n\n\n<p>En caso de que cancele dentro de las 72 horas antes de su llegada, le cobraremos la estad\u00eda completa.<\/p>\n\n\n\n<p>TARIFA NO REEMBOLSABLE<\/p>\n\n\n\n<p>Eligiendo esta tarifa, no habr\u00e1 posibilidad de reembolso. En el raro caso de que neceses cancelar su reserva con nosotros, tenga en cuenta que no podemos ser responsables de circunstancias fuera de nuestro control y que nuestra responsabilidad con usted se limita al reembolso de cualquier pago ya realizado. Solo en caso de una situaci\u00f3n relacionada con Covid-19 (como problemas de salud, per\u00edmetros o cancelaci\u00f3n de vuelos), las fechas de viaje se pueden cambiar hasta 7 d\u00edas o m\u00e1s antes de la fecha de llegada. Seg\u00fan disponibilidad y tarifa de noche correspondiente dentro de un a\u00f1o de la reserva original. No se emiti\u00f3 ning\u00fan reembolso.<\/p>\n\n\n\n<p><strong>Pol\u00edtica de uso WiFi<\/strong><\/p>\n\n\n\n<p>Cuando se proporciona acceso a Internet WiFi, los hu\u00e9spedes aceptan utilizar este acceso a Internet de manera justa y adecuada.<\/p>\n\n\n\n<p>El acceso al Internet est\u00e1 destinado a un uso general, como el acceso a la red mundial, correo electr\u00f3nico, mensajer\u00eda, redes sociales, transmisi\u00f3n de videos \/ m\u00fasica \/ medios ligeros. No est\u00e1 dise\u00f1ado ni es ideal para la transmisi\u00f3n de medios pesados, juegos en l\u00ednea, descargas \/ cargas extensas. El acceso a actividades ilegales o el uso de nuestra red para actividades ilegales no est\u00e1 prohibido y se informar\u00e1 a las autoridades locales.<\/p>\n\n\n\n<p><strong>Aparcar<\/strong><\/p>\n\n\n\n<p>No disponemos de un parking en el hotel. Se puede aparcar gratis en la calle usando la zona blanca. Un parking privado se encuentra en la c\/ Buenos Aires 28-32<\/p>\n\n\n\n<p><strong>Da\u00f1os y objetos perdidos<\/strong><\/p>\n\n\n\n<p>Nos reservamos el derecho de cobrar al hu\u00e9sped principal por cualquier da\u00f1o causado durante su estancio por cualquier miembro del grupo de reserva. Esto incluye roturas, derrames, manchas, da\u00f1os a muebles, accesorios o el edificio. Cualquier da\u00f1o accidental debe informarse lo antes posible para minimizar el da\u00f1o y los costos asociados. Las llaves perdidas incurrir\u00e1n en un cargo de reemplazo por cada llave perdida.<\/p>\n\n\n\n<p>Cualquier objeto perdido, si es descubierto y encontrado, dejado por los hu\u00e9spedes durante una estad\u00eda, ser\u00e1 retenido por un per\u00edodo de 1 mes. Si bien haremos todo lo posible para reunir los objetos perdidos con sus propietarios, no aceptamos ninguna responsabilidad en el reemplazo de los art\u00edculos perdidos y alentamos a los hu\u00e9spedes a asegurarse de tener todas sus pertenencias antes de realizar el check-out. Podemos ofrecer publicar los art\u00edculos perdidos a trav\u00e9s de una entrega certificada a cargo del propietario, de lo contrario, se puede organizar la recolecci\u00f3n.<\/p>\n\n\n\n<p><strong>Fumar<\/strong><\/p>\n\n\n\n<p>Fumar cualquier producto de tabaco, incluidos, entre otros, cigarrillos, pipas, puros, no est\u00e1 permitido en las habitaciones, el hotel ni en las zonas comunas (como el patio). Est\u00e1 terminantemente prohibido fumar en todas las \u00e1reas del hotel. Si los hu\u00e9spedes no respetan la pol\u00edtica de no fumar y\/o se encontr\u00f3 evidencia de fumar en la habitaci\u00f3n; Se aplica una penalizaci\u00f3n no negociable de 150 \u20ac a la cuenta de los hu\u00e9spedes.<\/p>\n\n\n\n<p><strong>Drogas<\/strong><\/p>\n\n\n\n<p>Bajo ninguna circunstancia se permiten drogas en todo el alojamiento. Cualquiera que sea encontrado en posesi\u00f3n o tomando cualquier sustancia ilegal tendr\u00e1 su estad\u00eda terminada y el asunto ser\u00e1 reportado a la polic\u00eda sin excepci\u00f3n.<\/p>\n\n\n\n<p><strong>Piscina<\/strong><\/p>\n\n\n\n<p>Todas las personas que utilicen la piscina lo hacen bajo su propio riesgo. El boutique hotel YOURS no se hace responsable de ning\u00fan accidente o lesi\u00f3n. Los ni\u00f1os solo pueden usar la zona de ba\u00f1o si est\u00e1n supervisados \u200b\u200bpor un adulto. No se permiten en la piscina juguetes o art\u00edculos inflables de cualquier tipo. Todas las dem\u00e1s regulaciones se pueden encontrar en el letrero de informaci\u00f3n en detalle junto a la piscina.<\/p>\n\n\n\n<p>Horario de apertura 10:00 am &#8211; 20:00 pm.<\/p>\n\n\n\n<p><strong>Sus datos personales y privacidad<\/strong><\/p>\n\n\n\n<p>Estamos obligados a mantener un registro de los hu\u00e9spedes mayores de 18 a\u00f1os que se quedan con nosotros, esto incluye el nombre completo y la nacionalidad, y \/ o n\u00fameros de pasaporte, lugar de emisi\u00f3n. Esto est\u00e1 de acuerdo con la (Orden de inmigraci\u00f3n (registros de hoteles) 1972). Estos registros se mantienen durante un m\u00ednimo de 12 meses y de acuerdo con la DPA (Ley de protecci\u00f3n de datos de 1998) y el GDPR (Reglamento general de protecci\u00f3n de datos).<\/p>\n\n\n\n<p>Nuestra pol\u00edtica sobre los datos personales que proporciona como parte de cualquier reserva o consulta a trav\u00e9s de este sitio web \/ o el sitio web de un tercero, incluida la privacidad de esos datos, se explica y establece en nuestra Pol\u00edtica de privacidad que puede leer aqu\u00ed.<\/p>\n\n\n\n<p><strong>Nuestro derecho de cancelaci\u00f3n<\/strong><\/p>\n\n\n\n<p>Nos reservamos el derecho de cancelar cualquier reserva sin compensaci\u00f3n o reembolso si se incumplen los t\u00e9rminos de estas condiciones.<\/p>\n","protected":false},"excerpt":{"rendered":"<p>Reserva y dep\u00f3sitos Al realizar una reserva con nosotros (el propietario de la propiedad \/ su representante), usted (el hu\u00e9sped principal) y su grupo de reserva (invitados) aceptan los siguientes t\u00e9rminos y condiciones tal como se establecen. Durante su estancia se compromete a respetar las siguientes condiciones establecidas. Si tiene alguna pregunta sobre la reserva [&hellip;]<\/p>\n","protected":false},"author":1,"featured_media":0,"parent":0,"menu_order":0,"comment_status":"closed","ping_status":"closed","template":"","meta":{"_acf_changed":false,"footnotes":""},"class_list":["post-559","page","type-page","status-publish","hentry","entry"],"acf":[],"yoast_head":"<!-- This site is optimized with the Yoast SEO plugin v25.9 - https:\/\/yoast.com\/wordpress\/plugins\/seo\/ -->\n<title>Terms of use - Yours<\/title>\n<meta name=\"robots\" content=\"index, follow, max-snippet:-1, max-image-preview:large, max-video-preview:-1\" \/>\n<link rel=\"canonical\" href=\"https:\/\/www.thisisyours.es\/es\/terms-of-use\/\" \/>\n<meta property=\"og:locale\" content=\"es_ES\" \/>\n<meta property=\"og:type\" content=\"article\" \/>\n<meta property=\"og:title\" content=\"Terms of use - Yours\" \/>\n<meta property=\"og:description\" content=\"Reserva y dep\u00f3sitos Al realizar una reserva con nosotros (el propietario de la propiedad \/ su representante), usted (el hu\u00e9sped principal) y su grupo de reserva (invitados) aceptan los siguientes t\u00e9rminos y condiciones tal como se establecen. Durante su estancia se compromete a respetar las siguientes condiciones establecidas. Si tiene alguna pregunta sobre la reserva [&hellip;]\" \/>\n<meta property=\"og:url\" content=\"https:\/\/www.thisisyours.es\/es\/terms-of-use\/\" \/>\n<meta property=\"og:site_name\" content=\"Yours\" \/>\n<meta property=\"article:modified_time\" content=\"2024-07-07T08:43:09+00:00\" \/>\n<meta name=\"twitter:card\" content=\"summary_large_image\" \/>\n<meta name=\"twitter:label1\" content=\"Tiempo de lectura\" \/>\n\t<meta name=\"twitter:data1\" content=\"7 minutos\" \/>\n<script type=\"application\/ld+json\" class=\"yoast-schema-graph\">{\"@context\":\"https:\/\/schema.org\",\"@graph\":[{\"@type\":\"WebPage\",\"@id\":\"https:\/\/www.thisisyours.es\/es\/terms-of-use\/\",\"url\":\"https:\/\/www.thisisyours.es\/es\/terms-of-use\/\",\"name\":\"Terms of use - Yours\",\"isPartOf\":{\"@id\":\"https:\/\/www.thisisyours.es\/#website\"},\"datePublished\":\"2021-01-27T09:27:36+00:00\",\"dateModified\":\"2024-07-07T08:43:09+00:00\",\"breadcrumb\":{\"@id\":\"https:\/\/www.thisisyours.es\/es\/terms-of-use\/#breadcrumb\"},\"inLanguage\":\"es\",\"potentialAction\":[{\"@type\":\"ReadAction\",\"target\":[\"https:\/\/www.thisisyours.es\/es\/terms-of-use\/\"]}]},{\"@type\":\"BreadcrumbList\",\"@id\":\"https:\/\/www.thisisyours.es\/es\/terms-of-use\/#breadcrumb\",\"itemListElement\":[{\"@type\":\"ListItem\",\"position\":1,\"name\":\"Home\",\"item\":\"https:\/\/www.thisisyours.es\/es\/\"},{\"@type\":\"ListItem\",\"position\":2,\"name\":\"Terms of use\"}]},{\"@type\":\"WebSite\",\"@id\":\"https:\/\/www.thisisyours.es\/#website\",\"url\":\"https:\/\/www.thisisyours.es\/\",\"name\":\"Yours\",\"description\":\"YOURS Boutique hotel - Valencia, Spain\",\"publisher\":{\"@id\":\"https:\/\/www.thisisyours.es\/#organization\"},\"potentialAction\":[{\"@type\":\"SearchAction\",\"target\":{\"@type\":\"EntryPoint\",\"urlTemplate\":\"https:\/\/www.thisisyours.es\/?s={search_term_string}\"},\"query-input\":{\"@type\":\"PropertyValueSpecification\",\"valueRequired\":true,\"valueName\":\"search_term_string\"}}],\"inLanguage\":\"es\"},{\"@type\":\"Organization\",\"@id\":\"https:\/\/www.thisisyours.es\/#organization\",\"name\":\"YOURS Boutique hotel Valencia Spain\",\"url\":\"https:\/\/www.thisisyours.es\/\",\"logo\":{\"@type\":\"ImageObject\",\"inLanguage\":\"es\",\"@id\":\"https:\/\/www.thisisyours.es\/#\/schema\/logo\/image\/\",\"url\":\"https:\/\/www.thisisyours.es\/wp-content\/uploads\/2021\/03\/Sluitsticker-YOURS-2.0_page-0001.jpg\",\"contentUrl\":\"https:\/\/www.thisisyours.es\/wp-content\/uploads\/2021\/03\/Sluitsticker-YOURS-2.0_page-0001.jpg\",\"width\":207,\"height\":207,\"caption\":\"YOURS Boutique hotel Valencia Spain\"},\"image\":{\"@id\":\"https:\/\/www.thisisyours.es\/#\/schema\/logo\/image\/\"}}]}<\/script>\n<!-- \/ Yoast SEO plugin. -->","yoast_head_json":{"title":"Terms of use - Yours","robots":{"index":"index","follow":"follow","max-snippet":"max-snippet:-1","max-image-preview":"max-image-preview:large","max-video-preview":"max-video-preview:-1"},"canonical":"https:\/\/www.thisisyours.es\/es\/terms-of-use\/","og_locale":"es_ES","og_type":"article","og_title":"Terms of use - Yours","og_description":"Reserva y dep\u00f3sitos Al realizar una reserva con nosotros (el propietario de la propiedad \/ su representante), usted (el hu\u00e9sped principal) y su grupo de reserva (invitados) aceptan los siguientes t\u00e9rminos y condiciones tal como se establecen. Durante su estancia se compromete a respetar las siguientes condiciones establecidas. Si tiene alguna pregunta sobre la reserva [&hellip;]","og_url":"https:\/\/www.thisisyours.es\/es\/terms-of-use\/","og_site_name":"Yours","article_modified_time":"2024-07-07T08:43:09+00:00","twitter_card":"summary_large_image","twitter_misc":{"Tiempo de lectura":"7 minutos"},"schema":{"@context":"https:\/\/schema.org","@graph":[{"@type":"WebPage","@id":"https:\/\/www.thisisyours.es\/es\/terms-of-use\/","url":"https:\/\/www.thisisyours.es\/es\/terms-of-use\/","name":"Terms of use - Yours","isPartOf":{"@id":"https:\/\/www.thisisyours.es\/#website"},"datePublished":"2021-01-27T09:27:36+00:00","dateModified":"2024-07-07T08:43:09+00:00","breadcrumb":{"@id":"https:\/\/www.thisisyours.es\/es\/terms-of-use\/#breadcrumb"},"inLanguage":"es","potentialAction":[{"@type":"ReadAction","target":["https:\/\/www.thisisyours.es\/es\/terms-of-use\/"]}]},{"@type":"BreadcrumbList","@id":"https:\/\/www.thisisyours.es\/es\/terms-of-use\/#breadcrumb","itemListElement":[{"@type":"ListItem","position":1,"name":"Home","item":"https:\/\/www.thisisyours.es\/es\/"},{"@type":"ListItem","position":2,"name":"Terms of use"}]},{"@type":"WebSite","@id":"https:\/\/www.thisisyours.es\/#website","url":"https:\/\/www.thisisyours.es\/","name":"Yours","description":"YOURS Boutique hotel - Valencia, Spain","publisher":{"@id":"https:\/\/www.thisisyours.es\/#organization"},"potentialAction":[{"@type":"SearchAction","target":{"@type":"EntryPoint","urlTemplate":"https:\/\/www.thisisyours.es\/?s={search_term_string}"},"query-input":{"@type":"PropertyValueSpecification","valueRequired":true,"valueName":"search_term_string"}}],"inLanguage":"es"},{"@type":"Organization","@id":"https:\/\/www.thisisyours.es\/#organization","name":"YOURS Boutique hotel Valencia Spain","url":"https:\/\/www.thisisyours.es\/","logo":{"@type":"ImageObject","inLanguage":"es","@id":"https:\/\/www.thisisyours.es\/#\/schema\/logo\/image\/","url":"https:\/\/www.thisisyours.es\/wp-content\/uploads\/2021\/03\/Sluitsticker-YOURS-2.0_page-0001.jpg","contentUrl":"https:\/\/www.thisisyours.es\/wp-content\/uploads\/2021\/03\/Sluitsticker-YOURS-2.0_page-0001.jpg","width":207,"height":207,"caption":"YOURS Boutique hotel Valencia Spain"},"image":{"@id":"https:\/\/www.thisisyours.es\/#\/schema\/logo\/image\/"}}]}},"_links":{"self":[{"href":"https:\/\/www.thisisyours.es\/es\/wp-json\/wp\/v2\/pages\/559","targetHints":{"allow":["GET"]}}],"collection":[{"href":"https:\/\/www.thisisyours.es\/es\/wp-json\/wp\/v2\/pages"}],"about":[{"href":"https:\/\/www.thisisyours.es\/es\/wp-json\/wp\/v2\/types\/page"}],"author":[{"embeddable":true,"href":"https:\/\/www.thisisyours.es\/es\/wp-json\/wp\/v2\/users\/1"}],"replies":[{"embeddable":true,"href":"https:\/\/www.thisisyours.es\/es\/wp-json\/wp\/v2\/comments?post=559"}],"version-history":[{"count":11,"href":"https:\/\/www.thisisyours.es\/es\/wp-json\/wp\/v2\/pages\/559\/revisions"}],"predecessor-version":[{"id":4857,"href":"https:\/\/www.thisisyours.es\/es\/wp-json\/wp\/v2\/pages\/559\/revisions\/4857"}],"wp:attachment":[{"href":"https:\/\/www.thisisyours.es\/es\/wp-json\/wp\/v2\/media?parent=559"}],"curies":[{"name":"wp","href":"https:\/\/api.w.org\/{rel}","templated":true}]}}